{"id":27,"date":"2020-03-26T17:21:20","date_gmt":"2020-03-26T16:21:20","guid":{"rendered":"http:\/\/test.jan-meiswinkel.de\/wordpress\/?page_id=27"},"modified":"2021-01-07T17:08:06","modified_gmt":"2021-01-07T16:08:06","slug":"willkommen","status":"publish","type":"page","link":"https:\/\/beratung-meiswinkel.de\/","title":{"rendered":""},"content":{"rendered":"<div class=\"right_column\">\n<div id=\"main_component\">\n<div class=\"main-content\">\n<div id=\"system-message-container\"><\/div>\n<article class=\"item-page\">\n<h1>Herzlich willkommen!<\/h1>\n<p style=\"margin-bottom: 0cm;\"><span style=\"font-size: large;\">Es gibt Phasen oder Ver\u00e4nderungen im Leben, die Menschen so fordern, dass unsere bisherigen Bew\u00e4ltigungs-Strategien nicht mehr ausreichen. Uns scheint alles \u00fcber den Kopf zu wachsen: <\/span><\/p>\n<p style=\"margin-bottom: 0cm;\"><span style=\"font-size: large;\">\u00c4ngste, Traurigkeit, Ersch\u00f6pfung, Zweifel, Zw\u00e4nge, Beziehungskrisen oder k\u00f6rperliche Probleme bestimmen den Alltag, und nicht selten sind auch Menschen aus unserem nahen Umfeld damit \u00fcberfordert.\u00a0<\/span><\/p>\n<p style=\"margin-bottom: 0cm;\"><span style=\"font-size: large;\">Ein erster Schritt ist, diese Schwierigkeiten und Probleme zuzulassen und ernstzunehmen.<\/span><\/p>\n<p style=\"margin-bottom: 0cm;\"><span style=\"font-size: large;\">Ich biete Ihnen an, in Gespr\u00e4chen die Situation\u00a0n\u00e4her anzuschauen, zu verstehen und nach neuen Bew\u00e4ltigungsm\u00f6glichkeiten zu suchen. <\/span><span style=\"font-size: large;\">Dies erfordert &#8211; je nach Konstellation &#8211; unterschiedliche Vorgehensweisen, bringt aber erfahrungsgem\u00e4\u00df bereits nach einigen Treffen Perspektive und Erleichterung. <\/span><span style=\"font-size: large;\">Ziel der Gespr\u00e4che ist nicht nur die konkrete Herausforderung zu bew\u00e4ltigen, sondern Zusammenh\u00e4nge zu verstehen, die pers\u00f6nliche Belastbarkeit zu verbessern und Ressourcen zu aktivieren.<\/span><\/p>\n<p><span style=\"line-height: 15.59375px;\"><br \/>\n<img loading=\"lazy\" decoding=\"async\" class=\"alignnone\" src=\"https:\/\/beratung-meiswinkel.de\/wp-content\/uploads\/2020\/03\/grafik2.png\" alt=\"\" width=\"958\" height=\"635\" \/><br \/>\n<\/span><\/p>\n<\/article>\n<\/div>\n<\/div>\n<\/div>\n","protected":false},"excerpt":{"rendered":"<p>Herzlich willkommen! Es gibt Phasen oder Ver\u00e4nderungen im Leben, die Menschen so fordern, dass unsere bisherigen Bew\u00e4ltigungs-Strategien nicht mehr ausreichen. Uns scheint alles \u00fcber den Kopf zu wachsen: \u00c4ngste, Traurigkeit, Ersch\u00f6pfung, Zweifel, Zw\u00e4nge, Beziehungskrisen oder k\u00f6rperliche Probleme bestimmen den Alltag, und nicht selten sind auch Menschen aus unserem nahen Umfeld damit \u00fcberfordert.\u00a0 Ein erster Schritt [&hellip;]<\/p>\n","protected":false},"author":1,"featured_media":0,"parent":0,"menu_order":0,"comment_status":"closed","ping_status":"closed","template":"","meta":{"footnotes":""},"class_list":["post-27","page","type-page","status-publish","hentry"],"aioseo_notices":[],"_links":{"self":[{"href":"https:\/\/beratung-meiswinkel.de\/index.php?rest_route=\/wp\/v2\/pages\/27","targetHints":{"allow":["GET"]}}],"collection":[{"href":"https:\/\/beratung-meiswinkel.de\/index.php?rest_route=\/wp\/v2\/pages"}],"about":[{"href":"https:\/\/beratung-meiswinkel.de\/index.php?rest_route=\/wp\/v2\/types\/page"}],"author":[{"embeddable":true,"href":"https:\/\/beratung-meiswinkel.de\/index.php?rest_route=\/wp\/v2\/users\/1"}],"replies":[{"embeddable":true,"href":"https:\/\/beratung-meiswinkel.de\/index.php?rest_route=%2Fwp%2Fv2%2Fcomments&post=27"}],"version-history":[{"count":16,"href":"https:\/\/beratung-meiswinkel.de\/index.php?rest_route=\/wp\/v2\/pages\/27\/revisions"}],"predecessor-version":[{"id":184,"href":"https:\/\/beratung-meiswinkel.de\/index.php?rest_route=\/wp\/v2\/pages\/27\/revisions\/184"}],"wp:attachment":[{"href":"https:\/\/beratung-meiswinkel.de\/index.php?rest_route=%2Fwp%2Fv2%2Fmedia&parent=27"}],"curies":[{"name":"wp","href":"https:\/\/api.w.org\/{rel}","templated":true}]}}